{"id":172,"date":"2025-07-11T19:21:11","date_gmt":"2025-07-11T19:21:11","guid":{"rendered":"https:\/\/www.trainerteamtrippe.de\/?page_id=172"},"modified":"2025-07-12T10:32:08","modified_gmt":"2025-07-12T10:32:08","slug":"waswirwollen","status":"publish","type":"page","link":"https:\/\/www.trainerteamtrippe.de\/index.php\/waswirwollen\/","title":{"rendered":"was wir wollen"},"content":{"rendered":"\t\t<div data-elementor-type=\"wp-page\" data-elementor-id=\"172\" class=\"elementor elementor-172\">\n\t\t\t\t<div class=\"elementor-element elementor-element-00cc166 e-flex e-con-boxed e-con e-parent\" data-id=\"00cc166\" data-element_type=\"container\">\n\t\t\t\t\t<div class=\"e-con-inner\">\n\t\t\t\t<div class=\"elementor-element elementor-element-982a82d elementor-widget elementor-widget-image\" data-id=\"982a82d\" data-element_type=\"widget\" data-widget_type=\"image.default\">\n\t\t\t\t\t\t\t\t\t\t\t\t\t\t\t<img fetchpriority=\"high\" decoding=\"async\" width=\"1024\" height=\"360\" src=\"https:\/\/www.trainerteamtrippe.de\/wp-content\/uploads\/2025\/07\/headbild-1-1024x360.jpg\" class=\"attachment-large size-large wp-image-96\" alt=\"\" srcset=\"https:\/\/www.trainerteamtrippe.de\/wp-content\/uploads\/2025\/07\/headbild-1-1024x360.jpg 1024w, https:\/\/www.trainerteamtrippe.de\/wp-content\/uploads\/2025\/07\/headbild-1-300x105.jpg 300w, https:\/\/www.trainerteamtrippe.de\/wp-content\/uploads\/2025\/07\/headbild-1-768x270.jpg 768w, https:\/\/www.trainerteamtrippe.de\/wp-content\/uploads\/2025\/07\/headbild-1.jpg 1050w\" sizes=\"(max-width: 1024px) 100vw, 1024px\" \/>\t\t\t\t\t\t\t\t\t\t\t\t\t\t\t<\/div>\n\t\t\t\t\t<\/div>\n\t\t\t\t<\/div>\n\t\t<div class=\"elementor-element elementor-element-f420a68 e-flex e-con-boxed e-con e-parent\" data-id=\"f420a68\" data-element_type=\"container\">\n\t\t\t\t\t<div class=\"e-con-inner\">\n\t\t<div class=\"elementor-element elementor-element-f6c792b e-con-full e-flex e-con e-child\" data-id=\"f6c792b\" data-element_type=\"container\">\n\t\t\t\t<div class=\"elementor-element elementor-element-ca05fc7 elementor-widget elementor-widget-heading\" data-id=\"ca05fc7\" data-element_type=\"widget\" data-widget_type=\"heading.default\">\n\t\t\t\t\t<h3 class=\"elementor-heading-title elementor-size-default\">Trainer Team Trippe<\/h3>\t\t\t\t<\/div>\n\t\t\t\t<div class=\"elementor-element elementor-element-4d39982 elementor-widget__width-inherit elementor-widget elementor-widget-text-editor\" data-id=\"4d39982\" data-element_type=\"widget\" data-widget_type=\"text-editor.default\">\n\t\t\t\t\t\t\t\t\t<ul><li><a href=\"http:\/\/www.trainerteamtrippe.de\"><strong>Home<\/strong><\/a><\/li><li><a href=\"https:\/\/www.trainerteamtrippe.de\/index.php\/uebermich\"><strong>\u00dcber mich<\/strong><\/a><\/li><li><a href=\"https:\/\/www.trainerteamtrippe.de\/index.php\/waswirwollen\/\"><strong>Was wir wollen<\/strong><\/a><\/li><li><a href=\"https:\/\/www.trainerteamtrippe.de\/index.php\/wasistwas\/\"><strong>Was ist was?<\/strong><\/a><\/li><li><a href=\"https:\/\/www.trainerteamtrippe.de\/index.php\/angebote\/\"><strong>Angebote<\/strong><\/a><\/li><li><a href=\"https:\/\/www.trainerteamtrippe.de\/index.php\/preisliste-2\"><strong>Preisliste<\/strong><\/a><\/li><\/ul>\t\t\t\t\t\t\t\t<\/div>\n\t\t\t\t<\/div>\n\t\t<div class=\"elementor-element elementor-element-c5d7324 e-con-full e-flex e-con e-child\" data-id=\"c5d7324\" data-element_type=\"container\">\n\t\t\t\t<div class=\"elementor-element elementor-element-4ef13e1 elementor-widget elementor-widget-spacer\" data-id=\"4ef13e1\" data-element_type=\"widget\" data-widget_type=\"spacer.default\">\n\t\t\t\t\t\t\t<div class=\"elementor-spacer\">\n\t\t\t<div class=\"elementor-spacer-inner\"><\/div>\n\t\t<\/div>\n\t\t\t\t\t\t<\/div>\n\t\t\t\t<div class=\"elementor-element elementor-element-9da6e27 elementor-widget elementor-widget-image\" data-id=\"9da6e27\" data-element_type=\"widget\" data-widget_type=\"image.default\">\n\t\t\t\t\t\t\t\t\t\t\t\t\t\t\t<img decoding=\"async\" width=\"350\" height=\"50\" src=\"https:\/\/www.trainerteamtrippe.de\/wp-content\/uploads\/2025\/07\/was_wir_wollen.png\" class=\"attachment-large size-large wp-image-141\" alt=\"\" srcset=\"https:\/\/www.trainerteamtrippe.de\/wp-content\/uploads\/2025\/07\/was_wir_wollen.png 350w, https:\/\/www.trainerteamtrippe.de\/wp-content\/uploads\/2025\/07\/was_wir_wollen-300x43.png 300w\" sizes=\"(max-width: 350px) 100vw, 350px\" \/>\t\t\t\t\t\t\t\t\t\t\t\t\t\t\t<\/div>\n\t\t\t\t<div class=\"elementor-element elementor-element-e009fef elementor-widget__width-initial elementor-widget elementor-widget-text-editor\" data-id=\"e009fef\" data-element_type=\"widget\" data-widget_type=\"text-editor.default\">\n\t\t\t\t\t\t\t\t\t<p><strong>Menschen sollen sich bei uns wohl und gut aufgehoben f\u00fchlen.<\/strong><br \/><strong>In guten H\u00e4nden zu sein ist besonders wichtig, wenn es einem schlecht geht.<\/strong><br \/><strong>Herauszufinden, wie wir helfen k\u00f6nnen, ist uns besonders wichtig.<\/strong><\/p>\t\t\t\t\t\t\t\t<\/div>\n\t\t\t\t<div class=\"elementor-element elementor-element-293fc73 elementor-widget__width-initial elementor-widget elementor-widget-text-editor\" data-id=\"293fc73\" data-element_type=\"widget\" data-widget_type=\"text-editor.default\">\n\t\t\t\t\t\t\t\t\t<p><strong>Unsere R\u00e4umlichkeiten sind hell und freundlich, nicht technisch-klinisch.<\/strong><\/p><p><br \/><strong>Wir m\u00f6chten kein Fitness-Studio sein, sondern Sie individuell betreuen, damit Sie das erreichen k\u00f6nnen, was Sie brauchen: Entspannung, Heilung, gr\u00f6\u00dftm\u00f6gliche k\u00f6rperliche F\u00e4higkeiten.<\/strong><\/p><p><br \/><strong>Wir m\u00f6chten Sie motivieren, indem wir Ihnen individuell zur Seite stehen: Bei der Behandlung, in Trainingspl\u00e4nen und bei der Vorsorge, bei den \u00dcbungen, die Sie zu Hause machen. <\/strong><br \/><strong>Wir halten Sie bei der Stange. Wir bauen Sie auf.<\/strong><br \/><strong>Brauchen Sie eine Extra-Aufforderung? <\/strong><br \/><strong>Kein Problem, wir treten Sie auch mal in den Hintern, wenn Sie es w\u00fcnschen.<\/strong><\/p>\t\t\t\t\t\t\t\t<\/div>\n\t\t\t\t<div class=\"elementor-element elementor-element-1f15d78 elementor-widget elementor-widget-image\" data-id=\"1f15d78\" data-element_type=\"widget\" data-widget_type=\"image.default\">\n\t\t\t\t\t\t\t\t\t\t\t\t\t\t\t<img decoding=\"async\" width=\"663\" height=\"210\" src=\"https:\/\/www.trainerteamtrippe.de\/wp-content\/uploads\/2025\/07\/trippe_praxis-1.png\" class=\"attachment-large size-large wp-image-174\" alt=\"\" srcset=\"https:\/\/www.trainerteamtrippe.de\/wp-content\/uploads\/2025\/07\/trippe_praxis-1.png 663w, https:\/\/www.trainerteamtrippe.de\/wp-content\/uploads\/2025\/07\/trippe_praxis-1-300x95.png 300w\" sizes=\"(max-width: 663px) 100vw, 663px\" \/>\t\t\t\t\t\t\t\t\t\t\t\t\t\t\t<\/div>\n\t\t\t\t<div class=\"elementor-element elementor-element-64abc63 elementor-widget elementor-widget-spacer\" data-id=\"64abc63\" data-element_type=\"widget\" data-widget_type=\"spacer.default\">\n\t\t\t\t\t\t\t<div class=\"elementor-spacer\">\n\t\t\t<div class=\"elementor-spacer-inner\"><\/div>\n\t\t<\/div>\n\t\t\t\t\t\t<\/div>\n\t\t\t\t<\/div>\n\t\t\t\t\t<\/div>\n\t\t\t\t<\/div>\n\t\t\t\t<\/div>\n\t\t","protected":false},"excerpt":{"rendered":"<p>Trainer Team Trippe Home \u00dcber mich Was wir wollen Was ist was? Angebote Preisliste Menschen sollen sich bei uns wohl und gut aufgehoben f\u00fchlen.In guten H\u00e4nden zu sein ist besonders wichtig, wenn es einem schlecht geht.Herauszufinden, wie wir helfen k\u00f6nnen, ist uns besonders wichtig. Unsere R\u00e4umlichkeiten sind hell und freundlich, nicht technisch-klinisch. Wir m\u00f6chten kein&hellip;&nbsp;<a href=\"https:\/\/www.trainerteamtrippe.de\/index.php\/waswirwollen\/\" rel=\"bookmark\"><span class=\"screen-reader-text\">was wir wollen<\/span><\/a><\/p>\n","protected":false},"author":1,"featured_media":0,"parent":0,"menu_order":0,"comment_status":"closed","ping_status":"closed","template":"page-templates\/template-pagebuilder-full-width.php","meta":{"neve_meta_sidebar":"","neve_meta_container":"","neve_meta_enable_content_width":"","neve_meta_content_width":0,"neve_meta_title_alignment":"","neve_meta_author_avatar":"","neve_post_elements_order":"","neve_meta_disable_header":"","neve_meta_disable_footer":"","neve_meta_disable_title":"","footnotes":""},"class_list":["post-172","page","type-page","status-publish","hentry"],"_links":{"self":[{"href":"https:\/\/www.trainerteamtrippe.de\/index.php\/wp-json\/wp\/v2\/pages\/172","targetHints":{"allow":["GET"]}}],"collection":[{"href":"https:\/\/www.trainerteamtrippe.de\/index.php\/wp-json\/wp\/v2\/pages"}],"about":[{"href":"https:\/\/www.trainerteamtrippe.de\/index.php\/wp-json\/wp\/v2\/types\/page"}],"author":[{"embeddable":true,"href":"https:\/\/www.trainerteamtrippe.de\/index.php\/wp-json\/wp\/v2\/users\/1"}],"replies":[{"embeddable":true,"href":"https:\/\/www.trainerteamtrippe.de\/index.php\/wp-json\/wp\/v2\/comments?post=172"}],"version-history":[{"count":13,"href":"https:\/\/www.trainerteamtrippe.de\/index.php\/wp-json\/wp\/v2\/pages\/172\/revisions"}],"predecessor-version":[{"id":263,"href":"https:\/\/www.trainerteamtrippe.de\/index.php\/wp-json\/wp\/v2\/pages\/172\/revisions\/263"}],"wp:attachment":[{"href":"https:\/\/www.trainerteamtrippe.de\/index.php\/wp-json\/wp\/v2\/media?parent=172"}],"curies":[{"name":"wp","href":"https:\/\/api.w.org\/{rel}","templated":true}]}}