{"id":182,"date":"2025-07-11T19:26:06","date_gmt":"2025-07-11T19:26:06","guid":{"rendered":"https:\/\/www.trainerteamtrippe.de\/?page_id=182"},"modified":"2025-07-12T10:30:36","modified_gmt":"2025-07-12T10:30:36","slug":"preisliste-2","status":"publish","type":"page","link":"https:\/\/www.trainerteamtrippe.de\/index.php\/preisliste-2\/","title":{"rendered":"preisliste"},"content":{"rendered":"\t\t<div data-elementor-type=\"wp-page\" data-elementor-id=\"182\" class=\"elementor elementor-182\">\n\t\t\t\t<div class=\"elementor-element elementor-element-00cc166 e-flex e-con-boxed e-con e-parent\" data-id=\"00cc166\" data-element_type=\"container\">\n\t\t\t\t\t<div class=\"e-con-inner\">\n\t\t\t\t<div class=\"elementor-element elementor-element-982a82d elementor-widget elementor-widget-image\" data-id=\"982a82d\" data-element_type=\"widget\" data-widget_type=\"image.default\">\n\t\t\t\t\t\t\t\t\t\t\t\t\t\t\t<img fetchpriority=\"high\" decoding=\"async\" width=\"1024\" height=\"360\" src=\"https:\/\/www.trainerteamtrippe.de\/wp-content\/uploads\/2025\/07\/headbild-1-1024x360.jpg\" class=\"attachment-large size-large wp-image-96\" alt=\"\" srcset=\"https:\/\/www.trainerteamtrippe.de\/wp-content\/uploads\/2025\/07\/headbild-1-1024x360.jpg 1024w, https:\/\/www.trainerteamtrippe.de\/wp-content\/uploads\/2025\/07\/headbild-1-300x105.jpg 300w, https:\/\/www.trainerteamtrippe.de\/wp-content\/uploads\/2025\/07\/headbild-1-768x270.jpg 768w, https:\/\/www.trainerteamtrippe.de\/wp-content\/uploads\/2025\/07\/headbild-1.jpg 1050w\" sizes=\"(max-width: 1024px) 100vw, 1024px\" \/>\t\t\t\t\t\t\t\t\t\t\t\t\t\t\t<\/div>\n\t\t\t\t\t<\/div>\n\t\t\t\t<\/div>\n\t\t<div class=\"elementor-element elementor-element-f420a68 e-flex e-con-boxed e-con e-parent\" data-id=\"f420a68\" data-element_type=\"container\">\n\t\t\t\t\t<div class=\"e-con-inner\">\n\t\t<div class=\"elementor-element elementor-element-f6c792b e-con-full e-flex e-con e-child\" data-id=\"f6c792b\" data-element_type=\"container\">\n\t\t\t\t<div class=\"elementor-element elementor-element-ca05fc7 elementor-widget elementor-widget-heading\" data-id=\"ca05fc7\" data-element_type=\"widget\" data-widget_type=\"heading.default\">\n\t\t\t\t\t<h3 class=\"elementor-heading-title elementor-size-default\">Trainer Team Trippe<\/h3>\t\t\t\t<\/div>\n\t\t\t\t<div class=\"elementor-element elementor-element-3a553d2 elementor-widget__width-inherit elementor-widget elementor-widget-text-editor\" data-id=\"3a553d2\" data-element_type=\"widget\" data-widget_type=\"text-editor.default\">\n\t\t\t\t\t\t\t\t\t<ul><li><a href=\"http:\/\/www.trainerteamtrippe.de\"><strong>Home<\/strong><\/a><\/li><li><a href=\"https:\/\/www.trainerteamtrippe.de\/index.php\/uebermich\"><strong>\u00dcber mich<\/strong><\/a><\/li><li><a href=\"https:\/\/www.trainerteamtrippe.de\/index.php\/waswirwollen\/\"><strong>Was wir wollen<\/strong><\/a><\/li><li><a href=\"https:\/\/www.trainerteamtrippe.de\/index.php\/wasistwas\/\"><strong>Was ist was?<\/strong><\/a><\/li><li><a href=\"https:\/\/www.trainerteamtrippe.de\/index.php\/angebote\/\"><strong>Angebote<\/strong><\/a><\/li><li><a href=\"https:\/\/www.trainerteamtrippe.de\/index.php\/preisliste-2\"><strong>Preisliste<\/strong><\/a><\/li><\/ul>\t\t\t\t\t\t\t\t<\/div>\n\t\t\t\t<\/div>\n\t\t<div class=\"elementor-element elementor-element-c5d7324 e-con-full e-flex e-con e-child\" data-id=\"c5d7324\" data-element_type=\"container\">\n\t\t\t\t<div class=\"elementor-element elementor-element-4ef13e1 elementor-widget elementor-widget-spacer\" data-id=\"4ef13e1\" data-element_type=\"widget\" data-widget_type=\"spacer.default\">\n\t\t\t\t\t\t\t<div class=\"elementor-spacer\">\n\t\t\t<div class=\"elementor-spacer-inner\"><\/div>\n\t\t<\/div>\n\t\t\t\t\t\t<\/div>\n\t\t\t\t<div class=\"elementor-element elementor-element-9da6e27 elementor-widget elementor-widget-image\" data-id=\"9da6e27\" data-element_type=\"widget\" data-widget_type=\"image.default\">\n\t\t\t\t\t\t\t\t\t\t\t\t\t\t\t<img decoding=\"async\" width=\"350\" height=\"50\" src=\"https:\/\/www.trainerteamtrippe.de\/wp-content\/uploads\/2025\/07\/preisliste.png\" class=\"attachment-large size-large wp-image-151\" alt=\"\" srcset=\"https:\/\/www.trainerteamtrippe.de\/wp-content\/uploads\/2025\/07\/preisliste.png 350w, https:\/\/www.trainerteamtrippe.de\/wp-content\/uploads\/2025\/07\/preisliste-300x43.png 300w\" sizes=\"(max-width: 350px) 100vw, 350px\" \/>\t\t\t\t\t\t\t\t\t\t\t\t\t\t\t<\/div>\n\t\t\t\t<div class=\"elementor-element elementor-element-d83d0e2 elementor-widget__width-initial elementor-widget elementor-widget-text-editor\" data-id=\"d83d0e2\" data-element_type=\"widget\" data-widget_type=\"text-editor.default\">\n\t\t\t\t\t\t\t\t\t<p>(ohne \u00e4rztliche Verordnung. Zur Steigerung Ihrer F\u00e4higkeiten, zur Motivation, zur Entspannung)<\/p><p><strong>Angebote Matthias Trippe<\/strong><\/p>\t\t\t\t\t\t\t\t<\/div>\n\t\t\t\t<div class=\"elementor-element elementor-element-e009fef elementor-widget__width-initial elementor-widget elementor-widget-text-editor\" data-id=\"e009fef\" data-element_type=\"widget\" data-widget_type=\"text-editor.default\">\n\t\t\t\t\t\t\t\t\t<p>Krankengymnastik \u2026&#8230;&#8230;&#8230;&#8230;&#8230;&#8230;&#8230;&#8230;&#8230;&#8230;..<em>30min 26\u20ac<\/em><\/p><p>Bobath-Therapie (KG-ZNS)&#8230;&#8230;&#8230;&#8230;&#8230;&#8230;&#8230;&#8230;<em>30min 27,50\u20ac<\/em><\/p><p>Manuelle Lymphdrainage&#8230;&#8230;&#8230;&#8230;&#8230;&#8230;&#8230;&#8230;&#8230;<em>30 &#8211; 60min 26 \u2013 52\u20ac<\/em><\/p><p>Medizinische Massagen&#8230;&#8230;&#8230;&#8230;&#8230;&#8230;&#8230;&#8230;&#8230;.<em>30 min 26\u20ac<\/em><\/p><p>W\u00e4rme- oder K\u00e4ltetherapie&#8230;&#8230;&#8230;&#8230;&#8230;&#8230;&#8230;&#8230;<em>1x je 5,00\u20ac<\/em><\/p><p>Elektrotherapie&#8230;&#8230;&#8230;&#8230;&#8230;&#8230;&#8230;&#8230;&#8230;&#8230;&#8230;&#8230;&#8230;.<em>1x 7,50\u20ac<\/em><\/p><p>Kinesiotaping&#8230;&#8230;&#8230;&#8230;&#8230;&#8230;&#8230;&#8230;&#8230;&#8230;&#8230;&#8230;&#8230;&#8230;<em>1x 9,00\u20ac<\/em><\/p><p>Sturzprophylaxe&#8230;&#8230;&#8230;&#8230;&#8230;&#8230;&#8230;&#8230;&#8230;&#8230;&#8230;&#8230;..<em>50 min Einzeltraining 40\u20ac<\/em><\/p><p>Rollatortraining&#8230;&#8230;&#8230;&#8230;&#8230;&#8230;&#8230;&#8230;&#8230;&#8230;&#8230;&#8230;&#8230;.<em>45 min Einzeltraining 30\u20ac<\/em><\/p><p>Gehst\u00fctzen(Kr\u00fccken)-Training&#8230;&#8230;&#8230;&#8230;&#8230;&#8230;<em>20 \u2013 45 min\u00a0 15 &#8211; 30\u20ac<\/em><\/p><p>OP-Vorbereitung \u2013 Fit in die Operation&#8230;&#8230;&#8230;&#8230;&#8230;&#8230;&#8230;&#8230;<em>Preis nach Aufwand und Absprache<\/em><\/p><p>Trainingskoordination&#8230;&#8230;&#8230;&#8230;&#8230;&#8230;&#8230;&#8230;&#8230;&#8230;&#8230;&#8230;&#8230;&#8230;&#8230;&#8230;<em>Preis nach Aufwand und Absprache<\/em><\/p><p>Muskelaufbau\/ K\u00f6rperbeherrschungstraining&#8230;&#8230;&#8230;&#8230;&#8230;<em>Preis nach Aufwand und Absprache<\/em><\/p><p>R\u00fcckengymnastik&#8230;&#8230;&#8230;&#8230;&#8230;&#8230;&#8230;&#8230;&#8230;&#8230;&#8230;&#8230;.<em>Gruppe (max. 6 Pers.) 10x 60 min\u00a0 160\u20ac<\/em><\/p><p>Gesund am Arbeitsplatz \u2013 Fit im Job&#8230;&#8230;&#8230;.<em>Abendkurs private Gruppe p.P.\u00a0 2,5 Std. 45\u20ac<\/em><\/p><p>Analyse der k\u00f6rperlichen F\u00e4higkeiten \u2013 wie stehen Sie da? Funktionsanalyse&#8230;&#8230;.<em>60min 58 \u20ac<\/em><\/p><p>Das individuelle 3&#215;10 Minuten-Programm&#8230;&#8230;&#8230;&#8230;&#8230;&#8230;&#8230;&#8230;<em>45 min\u00a0 45\u20ac<\/em><\/p><p>Entspannungstraining f\u00fcr K\u00f6rper und Geist (Gruppe)&#8230;&#8230;&#8230;<em>10 x 60min 90\u20ac<\/em><\/p><p>Happy Kids \u2013 Koordinationstraining f\u00fcr Kinder und Jugendliche \u2013 <br \/>Fitness und Bewegung macht Spa\u00df!&#8230;&#8230;&#8230;&#8230;&#8230;&#8230;&#8230;&#8230;&#8230;&#8230;&#8230;<em>Einzeltraining 45min 40\u20ac<\/em><\/p><p>Beratung in Ern\u00e4hrungs- und Bewegungsfragen&#8230;&#8230;&#8230;&#8230;&#8230;..<em>60 min\u00a0 55\u20ac<\/em><\/p><p>Sicherheitstraining \u2013 nach Operationen, <br \/>im Alter oder nach schweren Krankheiten \u00a0\u00a0\u00a0\u00a0\u00a0\u00a0\u00a0\u00a0\u00a0 <em>Gruppe (max. 6 Pers.) 90 min\u00a0 45\u20ac <\/em><br \/>das Gleichgewicht wiederfinden!&#8230;&#8230;&#8230;&#8230;&#8230;&#8230;&#8230;..<em>Einzeltraining 60 min 52\u20ac<\/em><\/p><p>Schmerzanalyse&#8230;&#8230;&#8230;&#8230;&#8230;&#8230;&#8230;&#8230;&#8230;&#8230;&#8230;&#8230;&#8230;<em>50 min 65\u20ac<\/em><\/p><p>Individuelles Coaching<em>&#8230;&#8230;&#8230;&#8230;&#8230;&#8230;&#8230;&#8230;&#8230;&#8230;&#8230;&#8230;&#8230;&#8230;.Preis nach Aufwand und Absprache<\/em><\/p>\t\t\t\t\t\t\t\t<\/div>\n\t\t\t\t<div class=\"elementor-element elementor-element-64abc63 elementor-widget elementor-widget-spacer\" data-id=\"64abc63\" data-element_type=\"widget\" data-widget_type=\"spacer.default\">\n\t\t\t\t\t\t\t<div class=\"elementor-spacer\">\n\t\t\t<div class=\"elementor-spacer-inner\"><\/div>\n\t\t<\/div>\n\t\t\t\t\t\t<\/div>\n\t\t\t\t<\/div>\n\t\t\t\t\t<\/div>\n\t\t\t\t<\/div>\n\t\t\t\t<\/div>\n\t\t","protected":false},"excerpt":{"rendered":"<p>Trainer Team Trippe Home \u00dcber mich Was wir wollen Was ist was? Angebote Preisliste (ohne \u00e4rztliche Verordnung. Zur Steigerung Ihrer F\u00e4higkeiten, zur Motivation, zur Entspannung) Angebote Matthias Trippe Krankengymnastik \u2026&#8230;&#8230;&#8230;&#8230;&#8230;&#8230;&#8230;&#8230;&#8230;&#8230;..30min 26\u20ac Bobath-Therapie (KG-ZNS)&#8230;&#8230;&#8230;&#8230;&#8230;&#8230;&#8230;&#8230;30min 27,50\u20ac Manuelle Lymphdrainage&#8230;&#8230;&#8230;&#8230;&#8230;&#8230;&#8230;&#8230;&#8230;30 &#8211; 60min 26 \u2013 52\u20ac Medizinische Massagen&#8230;&#8230;&#8230;&#8230;&#8230;&#8230;&#8230;&#8230;&#8230;.30 min 26\u20ac W\u00e4rme- oder K\u00e4ltetherapie&#8230;&#8230;&#8230;&#8230;&#8230;&#8230;&#8230;&#8230;1x je 5,00\u20ac Elektrotherapie&#8230;&#8230;&#8230;&#8230;&#8230;&#8230;&#8230;&#8230;&#8230;&#8230;&#8230;&#8230;&#8230;.1x 7,50\u20ac Kinesiotaping&#8230;&#8230;&#8230;&#8230;&#8230;&#8230;&#8230;&#8230;&#8230;&#8230;&#8230;&#8230;&#8230;&#8230;1x 9,00\u20ac Sturzprophylaxe&#8230;&#8230;&#8230;&#8230;&#8230;&#8230;&#8230;&#8230;&#8230;&#8230;&#8230;&#8230;..50&hellip;&nbsp;<a href=\"https:\/\/www.trainerteamtrippe.de\/index.php\/preisliste-2\/\" rel=\"bookmark\"><span class=\"screen-reader-text\">preisliste<\/span><\/a><\/p>\n","protected":false},"author":1,"featured_media":0,"parent":0,"menu_order":0,"comment_status":"closed","ping_status":"closed","template":"page-templates\/template-pagebuilder-full-width.php","meta":{"neve_meta_sidebar":"","neve_meta_container":"","neve_meta_enable_content_width":"","neve_meta_content_width":0,"neve_meta_title_alignment":"","neve_meta_author_avatar":"","neve_post_elements_order":"","neve_meta_disable_header":"","neve_meta_disable_footer":"","neve_meta_disable_title":"","footnotes":""},"class_list":["post-182","page","type-page","status-publish","hentry"],"_links":{"self":[{"href":"https:\/\/www.trainerteamtrippe.de\/index.php\/wp-json\/wp\/v2\/pages\/182","targetHints":{"allow":["GET"]}}],"collection":[{"href":"https:\/\/www.trainerteamtrippe.de\/index.php\/wp-json\/wp\/v2\/pages"}],"about":[{"href":"https:\/\/www.trainerteamtrippe.de\/index.php\/wp-json\/wp\/v2\/types\/page"}],"author":[{"embeddable":true,"href":"https:\/\/www.trainerteamtrippe.de\/index.php\/wp-json\/wp\/v2\/users\/1"}],"replies":[{"embeddable":true,"href":"https:\/\/www.trainerteamtrippe.de\/index.php\/wp-json\/wp\/v2\/comments?post=182"}],"version-history":[{"count":11,"href":"https:\/\/www.trainerteamtrippe.de\/index.php\/wp-json\/wp\/v2\/pages\/182\/revisions"}],"predecessor-version":[{"id":254,"href":"https:\/\/www.trainerteamtrippe.de\/index.php\/wp-json\/wp\/v2\/pages\/182\/revisions\/254"}],"wp:attachment":[{"href":"https:\/\/www.trainerteamtrippe.de\/index.php\/wp-json\/wp\/v2\/media?parent=182"}],"curies":[{"name":"wp","href":"https:\/\/api.w.org\/{rel}","templated":true}]}}