{"id":206,"date":"2025-07-11T19:35:13","date_gmt":"2025-07-11T19:35:13","guid":{"rendered":"https:\/\/www.trainerteamtrippe.de\/?page_id=206"},"modified":"2025-07-12T10:30:01","modified_gmt":"2025-07-12T10:30:01","slug":"impressum","status":"publish","type":"page","link":"https:\/\/www.trainerteamtrippe.de\/index.php\/impressum\/","title":{"rendered":"impressum"},"content":{"rendered":"\t\t<div data-elementor-type=\"wp-page\" data-elementor-id=\"206\" class=\"elementor elementor-206\">\n\t\t\t\t<div class=\"elementor-element elementor-element-00cc166 e-flex e-con-boxed e-con e-parent\" data-id=\"00cc166\" data-element_type=\"container\">\n\t\t\t\t\t<div class=\"e-con-inner\">\n\t\t\t\t<div class=\"elementor-element elementor-element-982a82d elementor-widget elementor-widget-image\" data-id=\"982a82d\" data-element_type=\"widget\" data-widget_type=\"image.default\">\n\t\t\t\t\t\t\t\t\t\t\t\t\t\t\t<img fetchpriority=\"high\" decoding=\"async\" width=\"1024\" height=\"360\" src=\"https:\/\/www.trainerteamtrippe.de\/wp-content\/uploads\/2025\/07\/headbild-1-1024x360.jpg\" class=\"attachment-large size-large wp-image-96\" alt=\"\" srcset=\"https:\/\/www.trainerteamtrippe.de\/wp-content\/uploads\/2025\/07\/headbild-1-1024x360.jpg 1024w, https:\/\/www.trainerteamtrippe.de\/wp-content\/uploads\/2025\/07\/headbild-1-300x105.jpg 300w, https:\/\/www.trainerteamtrippe.de\/wp-content\/uploads\/2025\/07\/headbild-1-768x270.jpg 768w, https:\/\/www.trainerteamtrippe.de\/wp-content\/uploads\/2025\/07\/headbild-1.jpg 1050w\" sizes=\"(max-width: 1024px) 100vw, 1024px\" \/>\t\t\t\t\t\t\t\t\t\t\t\t\t\t\t<\/div>\n\t\t\t\t\t<\/div>\n\t\t\t\t<\/div>\n\t\t<div class=\"elementor-element elementor-element-f420a68 e-flex e-con-boxed e-con e-parent\" data-id=\"f420a68\" data-element_type=\"container\">\n\t\t\t\t\t<div class=\"e-con-inner\">\n\t\t<div class=\"elementor-element elementor-element-f6c792b e-con-full e-flex e-con e-child\" data-id=\"f6c792b\" data-element_type=\"container\">\n\t\t\t\t<div class=\"elementor-element elementor-element-ca05fc7 elementor-widget elementor-widget-heading\" data-id=\"ca05fc7\" data-element_type=\"widget\" data-widget_type=\"heading.default\">\n\t\t\t\t\t<h3 class=\"elementor-heading-title elementor-size-default\">Trainer Team Trippe<\/h3>\t\t\t\t<\/div>\n\t\t\t\t<div class=\"elementor-element elementor-element-81adfa3 elementor-widget__width-inherit elementor-widget elementor-widget-text-editor\" data-id=\"81adfa3\" data-element_type=\"widget\" data-widget_type=\"text-editor.default\">\n\t\t\t\t\t\t\t\t\t<ul><li><a href=\"http:\/\/www.trainerteamtrippe.de\"><strong>Home<\/strong><\/a><\/li><li><a href=\"https:\/\/www.trainerteamtrippe.de\/index.php\/uebermich\"><strong>\u00dcber mich<\/strong><\/a><\/li><li><a href=\"https:\/\/www.trainerteamtrippe.de\/index.php\/waswirwollen\/\"><strong>Was wir wollen<\/strong><\/a><\/li><li><a href=\"https:\/\/www.trainerteamtrippe.de\/index.php\/wasistwas\/\"><strong>Was ist was?<\/strong><\/a><\/li><li><a href=\"https:\/\/www.trainerteamtrippe.de\/index.php\/angebote\/\"><strong>Angebote<\/strong><\/a><\/li><li><a href=\"https:\/\/www.trainerteamtrippe.de\/index.php\/preisliste-2\"><strong>Preisliste<\/strong><\/a><\/li><\/ul>\t\t\t\t\t\t\t\t<\/div>\n\t\t\t\t<\/div>\n\t\t<div class=\"elementor-element elementor-element-c5d7324 e-con-full e-flex e-con e-child\" data-id=\"c5d7324\" data-element_type=\"container\">\n\t\t\t\t<div class=\"elementor-element elementor-element-4ef13e1 elementor-widget elementor-widget-spacer\" data-id=\"4ef13e1\" data-element_type=\"widget\" data-widget_type=\"spacer.default\">\n\t\t\t\t\t\t\t<div class=\"elementor-spacer\">\n\t\t\t<div class=\"elementor-spacer-inner\"><\/div>\n\t\t<\/div>\n\t\t\t\t\t\t<\/div>\n\t\t\t\t<div class=\"elementor-element elementor-element-9da6e27 elementor-widget elementor-widget-image\" data-id=\"9da6e27\" data-element_type=\"widget\" data-widget_type=\"image.default\">\n\t\t\t\t\t\t\t\t\t\t\t\t\t\t\t<img decoding=\"async\" width=\"350\" height=\"50\" src=\"https:\/\/www.trainerteamtrippe.de\/wp-content\/uploads\/2025\/07\/impressum.png\" class=\"attachment-large size-large wp-image-99\" alt=\"\" srcset=\"https:\/\/www.trainerteamtrippe.de\/wp-content\/uploads\/2025\/07\/impressum.png 350w, https:\/\/www.trainerteamtrippe.de\/wp-content\/uploads\/2025\/07\/impressum-300x43.png 300w\" sizes=\"(max-width: 350px) 100vw, 350px\" \/>\t\t\t\t\t\t\t\t\t\t\t\t\t\t\t<\/div>\n\t\t\t\t<div class=\"elementor-element elementor-element-d83d0e2 elementor-widget__width-initial elementor-widget elementor-widget-text-editor\" data-id=\"d83d0e2\" data-element_type=\"widget\" data-widget_type=\"text-editor.default\">\n\t\t\t\t\t\t\t\t\t<p>Inhaber:<br \/>trainerteamtrippe<br \/>Matthias Trippe<br \/><br \/>Gewerbeschulstr. 3<br \/>42287 Wuppertal<br \/><a href=\"mailto:post@trainerteamtrippe.de\">post@trainerteamtrippe.de<\/a><br \/>Tel: 0202-27229480<br \/><br \/><br \/><strong>Fotorechte:<\/strong><br \/>\u00a9 fotolia.com, Die Intnernetseite ist zur Zeit noch eine Layout -Version, der Link zu diesen Unterseiten ist zur Zeit nur unserem Kunden zur Ansicht bekannt.<br \/>Wenn die Seite online geht, werden nur Fotos von fotolia verwendet, die gekauft sind. Momentan sind noch die Layout-Versionen eingesetzt.<br \/><br \/><br \/><strong>Haftung f\u00fcr Inhalte<\/strong><br \/>Die Inhalte unserer Seiten wurden mit gr\u00f6\u00dfter Sorgfalt erstellt. F\u00fcr die Richtigkeit, Vollst\u00e4ndigkeit und Aktualit\u00e4t der Inhalte k\u00f6nnen wir jedoch keine Gew\u00e4hr \u00fcbernehmen. Als Diensteanbieter sind wir gem\u00e4\u00df \u00a7 7 TMG f\u00fcr eigene Inhalte auf diesen Seiten nach den allgemeinen Gesetzen verantwortlich. Diensteanbieter sind jedoch nicht verpflichtet, die von ihnen \u00fcbermittelten oder gespeicherten fremden Informationen zu \u00fcberwachen oder nach Umst\u00e4nden zu forschen, die auf eine rechtswidrige T\u00e4tigkeit hinweisen. Verpflichtungen zur Entfernung oder Sperrung der Nutzung von Informationen nach den allgemeinen Gesetzen bleiben hiervon unber\u00fchrt. Eine diesbez\u00fcgliche Haftung ist jedoch erst ab dem Zeitpunkt der Kenntnis einer konkreten Rechtsverletzung m\u00f6glich. Bei bekannt werden von entsprechenden Rechtsverletzungen werden wir diese Inhalte umgehend entfernen.<br \/><br \/><strong>Haftung f\u00fcr Links<\/strong><br \/>Unser Angebot enth\u00e4lt Links zu externen Webseiten Dritter, auf deren Inhalte wir keinen Einfluss haben. Deshalb k\u00f6nnen wir f\u00fcr diese fremden Inhalte auch keine Gew\u00e4hr \u00fcbernehmen. F\u00fcr die Inhalte der verlinkten Seiten ist stets der jeweilige Anbieter oder Betreiber der Seiten verantwortlich. Die verlinkten Seiten wurden zum Zeitpunkt der Verlinkung auf m\u00f6gliche Rechtsverst\u00f6\u00dfe \u00fcberpr\u00fcft. Rechtswidrige Inhalte waren zum Zeitpunkt der Verlinkung nicht erkennbar. Eine permanente inhaltliche Kontrolle der verlinkten Seiten ist jedoch ohne konkrete Anhaltspunkte einer Rechtsverletzung nicht zumutbar. Bei bekannt werden von Rechtsverletzungen werden wir derartige Links umgehend entfernen.<br \/><br \/><strong>Urheberrecht<\/strong><br \/>Die Betreiber der Seiten werden stets die Urheberrechte anderer beachten bzw. auf selbst erstellte sowie lizenzfreie Werke zur\u00fcckgreifen. Die durch die Seitenbetreiber erstellten Inhalte und Werke auf diesen Seiten unterliegen dem deutschen Urheberrecht. Beitr\u00e4ge Dritter sind als solche gekennzeichnet. Die Vervielf\u00e4ltigung, Bearbeitung, Verbreitung und jede Art der Verwertung au\u00dferhalb der Grenzen des Urheberrechtes bed\u00fcrfen der schriftlichen Zustimmung des jeweiligen Autors bzw. Erstellers.<br \/><br \/><strong>Datenschutz<\/strong><br \/>Wenn Sie unsere Webseiten besuchen, werden Ihre Zugriffe protokolliert. Verschiedene Formulare auf unserer Seite laden Sie ferner ein, Ihre Kontaktangaben und weitere Informationen \u00fcber sich selbst zu \u00fcbermitteln. In jedem einzelnen Fall ist der Zweck, zu welchem wir Sie zur \u00dcbermittlung von Informationen einladen, genau beschrieben. Wir verwenden Ihre Informationen nur f\u00fcr Zwecke, zu denen Sie Ihre Angaben schicken. Dritten werden wir Ihre Daten nicht zur Verf\u00fcgung stellen, es sei denn, Sie haben uns hierzu ausdr\u00fccklich erm\u00e4chtigt, oder wir sind Kraft Gesetzes zur Weiterleitung verpflichtet.<br \/><br \/>Wir setzen technische und organisatorische Sicherheitsma\u00dfnahmen ein, um Ihre durch uns verwalteten Daten gegen zuf\u00e4llige oder vors\u00e4tzliche Manipulationen, Verlust, Zerst\u00f6rung oder gegen den Zugriff unberechtigter Personen zu sch\u00fctzen. Unsere Sicherheitsma\u00dfnahmen werden entsprechend der technologischen Entwicklung fortlaufend verbessert.<br \/><br \/>Die Nutzung von im Rahmen der Impressumspflicht ver\u00f6ffentlichten Kontaktdaten durch Dritte zur \u00dcbersendung von nicht ausdr\u00fccklich angeforderter Werbung und Informationsmaterialien ist nicht gestattet. Die Betreiber der Seiten behalten sich ausdr\u00fccklich rechtliche Schritte im Falle der unverlangten Zusendung von Werbeinformationen, etwa durch Spam-Mails, vor.<br \/><br \/>Verantwortliche\/r Redakteur\/in <a href=\"http:\/\/www.trainerteamtrippe.de\/images\/pdf\/2013_Wohngruppe_Gorgus.pdf\">trainerteamtrippe<\/a>.<\/p>\t\t\t\t\t\t\t\t<\/div>\n\t\t\t\t<div class=\"elementor-element elementor-element-64abc63 elementor-widget elementor-widget-spacer\" data-id=\"64abc63\" data-element_type=\"widget\" data-widget_type=\"spacer.default\">\n\t\t\t\t\t\t\t<div class=\"elementor-spacer\">\n\t\t\t<div class=\"elementor-spacer-inner\"><\/div>\n\t\t<\/div>\n\t\t\t\t\t\t<\/div>\n\t\t\t\t<\/div>\n\t\t\t\t\t<\/div>\n\t\t\t\t<\/div>\n\t\t\t\t<\/div>\n\t\t","protected":false},"excerpt":{"rendered":"<p>Trainer Team Trippe Home \u00dcber mich Was wir wollen Was ist was? Angebote Preisliste Inhaber:trainerteamtrippeMatthias Trippe Gewerbeschulstr. 342287 Wuppertalpost@trainerteamtrippe.deTel: 0202-27229480 Fotorechte:\u00a9 fotolia.com, Die Intnernetseite ist zur Zeit noch eine Layout -Version, der Link zu diesen Unterseiten ist zur Zeit nur unserem Kunden zur Ansicht bekannt.Wenn die Seite online geht, werden nur Fotos von fotolia verwendet,&hellip;&nbsp;<a href=\"https:\/\/www.trainerteamtrippe.de\/index.php\/impressum\/\" rel=\"bookmark\"><span class=\"screen-reader-text\">impressum<\/span><\/a><\/p>\n","protected":false},"author":1,"featured_media":0,"parent":0,"menu_order":0,"comment_status":"closed","ping_status":"closed","template":"page-templates\/template-pagebuilder-full-width.php","meta":{"neve_meta_sidebar":"","neve_meta_container":"","neve_meta_enable_content_width":"","neve_meta_content_width":0,"neve_meta_title_alignment":"","neve_meta_author_avatar":"","neve_post_elements_order":"","neve_meta_disable_header":"","neve_meta_disable_footer":"","neve_meta_disable_title":"","footnotes":""},"class_list":["post-206","page","type-page","status-publish","hentry"],"_links":{"self":[{"href":"https:\/\/www.trainerteamtrippe.de\/index.php\/wp-json\/wp\/v2\/pages\/206","targetHints":{"allow":["GET"]}}],"collection":[{"href":"https:\/\/www.trainerteamtrippe.de\/index.php\/wp-json\/wp\/v2\/pages"}],"about":[{"href":"https:\/\/www.trainerteamtrippe.de\/index.php\/wp-json\/wp\/v2\/types\/page"}],"author":[{"embeddable":true,"href":"https:\/\/www.trainerteamtrippe.de\/index.php\/wp-json\/wp\/v2\/users\/1"}],"replies":[{"embeddable":true,"href":"https:\/\/www.trainerteamtrippe.de\/index.php\/wp-json\/wp\/v2\/comments?post=206"}],"version-history":[{"count":10,"href":"https:\/\/www.trainerteamtrippe.de\/index.php\/wp-json\/wp\/v2\/pages\/206\/revisions"}],"predecessor-version":[{"id":251,"href":"https:\/\/www.trainerteamtrippe.de\/index.php\/wp-json\/wp\/v2\/pages\/206\/revisions\/251"}],"wp:attachment":[{"href":"https:\/\/www.trainerteamtrippe.de\/index.php\/wp-json\/wp\/v2\/media?parent=206"}],"curies":[{"name":"wp","href":"https:\/\/api.w.org\/{rel}","templated":true}]}}